{"id":1301,"date":"2016-08-03T09:57:17","date_gmt":"2016-08-03T09:57:17","guid":{"rendered":"http:\/\/impreza7.us-themes.com\/?page_id=1301"},"modified":"2024-01-26T20:36:36","modified_gmt":"2024-01-26T20:36:36","slug":"services-prices","status":"publish","type":"page","link":"https:\/\/pracowniafstudio.pl\/?page_id=1301","title":{"rendered":"Us\u0142ugi"},"content":{"rendered":"<section class=\"l-section wpb_row height_medium\"><div class=\"l-section-h i-cf\"><div class=\"g-cols via_flex valign_top type_default\"><div class=\"vc_col-sm-6 wpb_column vc_column_container us_animate_afb\"><div class=\"vc_column-inner\"><div class=\"wpb_wrapper\"><div class=\"wpb_text_column\"><div class=\"wpb_wrapper\"><h1>Us\u0142ugi<\/h1>\n<\/div><\/div><div class=\"w-separator size_medium\"><\/div><div class=\"wpb_text_column\"><div class=\"wpb_wrapper\"><p>Pomagamy rozwi\u0105za\u0107 wszelkie problemy zwi\u0105zane z projektem, przebudow\u0105, pracami wyko\u0144czeniowymi, materia\u0142ami i meblami.<\/p>\n<\/div><\/div><\/div><\/div><\/div><div class=\"vc_col-sm-6 wpb_column vc_column_container\"><div class=\"vc_column-inner\"><div class=\"wpb_wrapper\"><\/div><\/div><\/div><\/div><\/div><\/section><section class=\"l-section wpb_row height_auto\"><div class=\"l-section-h i-cf\"><div class=\"g-cols via_flex valign_top type_default reversed\"><div class=\"vc_col-sm-6 wpb_column vc_column_container us_animate_afc\" style=\"animation-delay:0.5s\"><div class=\"vc_column-inner\"><div class=\"wpb_wrapper\"><div class=\"w-image align_none\"><div class=\"w-image-h\"><img width=\"1024\" height=\"683\" src=\"https:\/\/pracowniafstudio.pl\/wp-content\/uploads\/2023\/01\/DSC06803-1024x683.jpg\" class=\"attachment-large size-large\" alt=\"\" loading=\"lazy\" srcset=\"https:\/\/pracowniafstudio.pl\/wp-content\/uploads\/2023\/01\/DSC06803-1024x683.jpg 1024w, https:\/\/pracowniafstudio.pl\/wp-content\/uploads\/2023\/01\/DSC06803-300x200.jpg 300w, https:\/\/pracowniafstudio.pl\/wp-content\/uploads\/2023\/01\/DSC06803.jpg 2048w\" sizes=\"(max-width: 1024px) 100vw, 1024px\" \/><\/div><\/div><\/div><\/div><\/div><div class=\"vc_col-sm-6 wpb_column vc_column_container us_animate_afb\" style=\"animation-delay:0.5s\"><div class=\"vc_column-inner\"><div class=\"wpb_wrapper\"><div class=\"w-separator size_huge\"><\/div><div class=\"wpb_text_column\"><div class=\"wpb_wrapper\"><h2>Us\u0142uga doradcza:<\/h2>\n<ul>\n<li>3 uk\u0142ady funkcjonalne, przygotowane na przekazanych rzutach<\/li>\n<li>moodboard pogl\u0105dowy<\/li>\n<li>lista zakupowa (bez wyszczeg\u00f3lnienia ilo\u015bci u\u017cytych materia\u0142\u00f3w)<\/li>\n<\/ul>\n<\/div><\/div><div class=\"w-separator size_medium\"><\/div><\/div><\/div><\/div><\/div><\/div><\/section><section class=\"l-section wpb_row height_auto\"><div class=\"l-section-h i-cf\"><div class=\"g-cols via_flex valign_top type_default\"><div class=\"vc_col-sm-6 wpb_column vc_column_container us_animate_afb\" style=\"animation-delay:0.5s\"><div class=\"vc_column-inner\"><div class=\"wpb_wrapper\"><div class=\"w-separator size_huge\"><\/div><div class=\"wpb_text_column\"><div class=\"wpb_wrapper\"><h1>Us\u0142uga koncepcyjna:<\/h1>\n<ul>\n<li>3 uk\u0142ady funkcjonalne, przygotowane po inwentaryzacji<\/li>\n<li>moodboard pogl\u0105dowy<\/li>\n<li>wizualizacje 3D<\/li>\n<li>dokumentacja: zmiany \u015bcian, hydraulika, elektryka, o\u015bwietlenie, sufity podwieszane<\/li>\n<li>niezb\u0119dne rysunki potrzebne do realizacji wn\u0119trza<\/li>\n<li>lista zakupowa, u\u017cytych w projekcie materia\u0142\u00f3w i mebli oraz element\u00f3w dekoracyjnych<\/li>\n<\/ul>\n<\/div><\/div><div class=\"w-separator size_medium\"><\/div><\/div><\/div><\/div><div class=\"vc_col-sm-6 wpb_column vc_column_container us_animate_afc\"><div class=\"vc_column-inner\"><div class=\"wpb_wrapper\"><div class=\"w-image align_right\"><div class=\"w-image-h\"><img width=\"683\" height=\"1024\" src=\"https:\/\/pracowniafstudio.pl\/wp-content\/uploads\/2024\/01\/DSC08742-683x1024.jpg\" class=\"attachment-large size-large\" alt=\"\" loading=\"lazy\" srcset=\"https:\/\/pracowniafstudio.pl\/wp-content\/uploads\/2024\/01\/DSC08742-683x1024.jpg 683w, https:\/\/pracowniafstudio.pl\/wp-content\/uploads\/2024\/01\/DSC08742-200x300.jpg 200w, https:\/\/pracowniafstudio.pl\/wp-content\/uploads\/2024\/01\/DSC08742-scaled.jpg 1707w\" sizes=\"(max-width: 683px) 100vw, 683px\" \/><\/div><\/div><\/div><\/div><\/div><\/div><\/div><\/section><section class=\"l-section wpb_row height_auto\"><div class=\"l-section-h i-cf\"><div class=\"g-cols via_flex valign_top type_default reversed\"><div class=\"vc_col-sm-6 wpb_column vc_column_container us_animate_afc\"><div class=\"vc_column-inner\"><div class=\"wpb_wrapper\"><div class=\"w-image align_none\"><div class=\"w-image-h\"><img width=\"1024\" height=\"683\" src=\"https:\/\/pracowniafstudio.pl\/wp-content\/uploads\/2022\/08\/waterline_29-1024x683.jpg\" class=\"attachment-large size-large\" alt=\"\" loading=\"lazy\" srcset=\"https:\/\/pracowniafstudio.pl\/wp-content\/uploads\/2022\/08\/waterline_29-1024x683.jpg 1024w, https:\/\/pracowniafstudio.pl\/wp-content\/uploads\/2022\/08\/waterline_29-300x200.jpg 300w\" sizes=\"(max-width: 1024px) 100vw, 1024px\" \/><\/div><\/div><\/div><\/div><\/div><div class=\"vc_col-sm-6 wpb_column vc_column_container us_animate_afb\" style=\"animation-delay:0.5s\"><div class=\"vc_column-inner\"><div class=\"wpb_wrapper\"><div class=\"w-separator size_huge\"><\/div><div class=\"wpb_text_column\"><div class=\"wpb_wrapper\"><h1>Us\u0142uga kompleksowa:<\/h1>\n<ul>\n<li>3 uk\u0142ady funkcjonalne, przygotowane po inwentaryzacji<\/li>\n<li>moodboard pogl\u0105dowy<\/li>\n<li>wizualizacje 3D<\/li>\n<li>dokumentacja: zmiany \u015bcian, hydraulika, elektryka, o\u015bwietlenie, sufity podwieszane<\/li>\n<li>niezb\u0119dne rysunki potrzebne do realizacji wn\u0119trza<\/li>\n<li>lista zakupowa, u\u017cytych w projekcie materia\u0142\u00f3w i mebli oraz element\u00f3w dekoracyjnych<\/li>\n<li>szacunkowy kosztorys<\/li>\n<li>dzie\u0144 \u201ezakupowy\u201d<\/li>\n<li>3 \u2013 5 wizyt na budowie<\/li>\n<\/ul>\n<\/div><\/div><div class=\"w-separator size_medium\"><\/div><\/div><\/div><\/div><\/div><\/div><\/section><section class=\"l-section wpb_row height_auto\"><div class=\"l-section-h i-cf\"><div class=\"g-cols via_flex valign_top type_default\"><div class=\"vc_col-sm-6 wpb_column vc_column_container us_animate_afb\" style=\"animation-delay:0.5s\"><div class=\"vc_column-inner\"><div class=\"wpb_wrapper\"><div class=\"w-separator size_huge\"><\/div><div class=\"wpb_text_column\"><div class=\"wpb_wrapper\"><h1>Home staging:<\/h1>\n<ul>\n<li>pomoc w przygotowaniu inwestycji do sprzeda\u017cy b\u0105d\u017a wynajmu<\/li>\n<\/ul>\n<\/div><\/div><div class=\"w-separator size_medium\"><\/div><\/div><\/div><\/div><div class=\"vc_col-sm-6 wpb_column vc_column_container us_animate_afc\"><div class=\"vc_column-inner\"><div class=\"wpb_wrapper\"><div class=\"w-image align_right\"><div class=\"w-image-h\"><img width=\"1024\" height=\"683\" src=\"https:\/\/pracowniafstudio.pl\/wp-content\/uploads\/2019\/10\/5-1024x683.jpg\" class=\"attachment-large size-large\" alt=\"\" loading=\"lazy\" srcset=\"https:\/\/pracowniafstudio.pl\/wp-content\/uploads\/2019\/10\/5-1024x683.jpg 1024w, https:\/\/pracowniafstudio.pl\/wp-content\/uploads\/2019\/10\/5-300x200.jpg 300w\" sizes=\"(max-width: 1024px) 100vw, 1024px\" \/><\/div><\/div><\/div><\/div><\/div><\/div><\/div><\/section><section class=\"l-section wpb_row height_medium\"><div class=\"l-section-h i-cf\"><div class=\"g-cols via_flex valign_top type_default\"><div class=\"vc_col-sm-12 wpb_column vc_column_container us_animate_afb\"><div class=\"vc_column-inner\"><div class=\"wpb_wrapper\"><div class=\"w-tabs style_default switch_click accordion has_scrolling remove_indents\" style=\"--sections-title-size:1.5rem\"><div class=\"w-tabs-sections titles-align_none icon_plus cpos_right\"><div class=\"w-tabs-section\" id=\"1568031443690-4cc2c594-5a34\"><button aria-controls=\"content-1568031443690-4cc2c594-5a34\" class=\"w-tabs-section-header\"><h3 class=\"w-tabs-section-title\">Etapy projektu<\/h3><div class=\"w-tabs-section-control\"><\/div><\/button><div class=\"w-tabs-section-content\" id=\"content-1568031443690-4cc2c594-5a34\" aria-expanded=\"false\"><div class=\"w-tabs-section-content-h i-cf\"><div class=\"wpb_text_column\"><div class=\"wpb_wrapper\"><ol>\n<li>Spotkanie i wywiad z Klientem<\/li>\n<li>Inwentaryzacja i rzeczywisty pomiar projektowanych pomieszcze\u0144<\/li>\n<li>Prezentacja moodboard&#8217;u, okre\u015blaj\u0105cego styl projektowanych pomieszcze\u0144<\/li>\n<li>Propozycje uk\u0142ad\u00f3w funkcjonalnych, uwzgl\u0119dniaj\u0105cych zmiany \u015bcianek dzia\u0142owych i rozmieszczenie mebli<\/li>\n<li>Wizualizacja 3D na wybranym przez Klienta uk\u0142adzie funkcjonalnym<\/li>\n<li>Przygotowanie dokumentacji, uwzgl\u0119dniaj\u0105cej zmiany \u015bcian, schematy hydrauliki, elektryki, o\u015bwietlenia, sufit\u00f3w, u\u0142o\u017cenia glazury i terakoty oraz pozosta\u0142e rysunki niezb\u0119dne do realizacji wn\u0119trza<\/li>\n<li>Przygotowanie listy zakupowej, u\u017cytych w projekcie materia\u0142\u00f3w i mebli oraz element\u00f3w dekoracyjnych<\/li>\n<\/ol>\n<\/div><\/div><\/div><\/div><\/div><div class=\"w-tabs-section\" id=\"1568031443709-55ea796a-1c41\"><button aria-controls=\"content-1568031443709-55ea796a-1c41\" class=\"w-tabs-section-header\"><h3 class=\"w-tabs-section-title\">Dokumentacja<\/h3><div class=\"w-tabs-section-control\"><\/div><\/button><div class=\"w-tabs-section-content\" id=\"content-1568031443709-55ea796a-1c41\" aria-expanded=\"false\"><div class=\"w-tabs-section-content-h i-cf\"><div class=\"wpb_text_column\"><div class=\"wpb_wrapper\"><ol>\n<li>Rzeczywisty pomiar projektowanych pomieszcze\u0144<\/li>\n<li>Plan \u015bcian i \u015bcianek dzia\u0142owych<\/li>\n<li>Plan rozmieszczenia mebli<\/li>\n<li>Plan instalacji: hydraulicznej, elektrycznej oraz o\u015bwietlenia<\/li>\n<li>Projekt pod\u0142ogi<\/li>\n<li>Plan sufit\u00f3w<\/li>\n<li>Wizualizacja 3D z 3-4 perspektyw projektowanego pomieszczenia<\/li>\n<li>Specyfikacja materia\u0142\u00f3w<\/li>\n<li>Specyfikacja mebli<\/li>\n<li>Specyfikacja sprz\u0119tu o\u015bwietleniowego<\/li>\n<\/ol>\n<\/div><\/div><\/div><\/div><\/div><\/div><\/div><\/div><\/div><\/div><\/div><\/div><\/section><section class=\"l-section wpb_row height_auto width_full\"><div class=\"l-section-h i-cf\"><div class=\"g-cols via_flex valign_top type_default\"><div class=\"vc_col-sm-12 wpb_column vc_column_container\"><div class=\"vc_column-inner\"><div class=\"wpb_wrapper\"><section class=\"l-section wpb_row height_medium\"><div class=\"l-section-h i-cf\"><div class=\"g-cols via_flex valign_top type_default\"><div class=\"vc_col-sm-12 wpb_column vc_column_container us_animate_afb\"><div class=\"vc_column-inner\"><div class=\"wpb_wrapper\"><div class=\"wpb_text_column\"><div class=\"wpb_wrapper\"><h2>Potrzebujesz wi\u0119cej informacji?<\/h2>\n<\/div><\/div><\/div><\/div><\/div><\/div><\/div><\/section><section class=\"l-section wpb_row height_medium color_alternate\"><div class=\"l-section-h i-cf\"><div class=\"g-cols via_flex valign_top type_default\"><div class=\"vc_col-sm-6 wpb_column vc_column_container us_animate_fade\"><div class=\"vc_column-inner\"><div class=\"wpb_wrapper\"><div class=\"wpb_text_column\"><div class=\"wpb_wrapper\"><h3><a href=\"mailto:biuro@pracowniafstudio.pl\">biuro(at)pracowniafstudio.pl<\/a><\/h3>\n<\/div><\/div><\/div><\/div><\/div><div class=\"vc_col-sm-4 wpb_column vc_column_container us_animate_afb\" style=\"animation-delay:0.25s\"><div class=\"vc_column-inner\"><div class=\"wpb_wrapper\"><div class=\"wpb_text_column\"><div class=\"wpb_wrapper\"><p>Skontaktuj si\u0119 z nami, aby uzyska\u0107 szczeg\u00f3\u0142owe informacje na temat tworzenia projekt\u00f3w i zarz\u0105dzania nimi, funkcji projektu oraz us\u0142ug i cen.<\/p>\n<\/div><\/div><\/div><\/div><\/div><\/div><\/div><\/section>\n<\/div><\/div><\/div><\/div><\/div><\/section>\n","protected":false},"excerpt":{"rendered":"Us\u0142ugi Pomagamy rozwi\u0105za\u0107 wszelkie problemy zwi\u0105zane z projektem, przebudow\u0105, pracami wyko\u0144czeniowymi, materia\u0142ami i meblami. Us\u0142uga doradcza: 3 uk\u0142ady funkcjonalne, przygotowane na przekazanych rzutach moodboard pogl\u0105dowy lista zakupowa (bez wyszczeg\u00f3lnienia ilo\u015bci u\u017cytych materia\u0142\u00f3w) Us\u0142uga koncepcyjna: 3 uk\u0142ady funkcjonalne, przygotowane po inwentaryzacji moodboard pogl\u0105dowy wizualizacje 3D dokumentacja: zmiany \u015bcian, hydraulika, elektryka, o\u015bwietlenie, sufity podwieszane niezb\u0119dne rysunki potrzebne...","protected":false},"author":1,"featured_media":0,"parent":0,"menu_order":0,"comment_status":"closed","ping_status":"closed","template":"","meta":[],"_links":{"self":[{"href":"https:\/\/pracowniafstudio.pl\/index.php?rest_route=\/wp\/v2\/pages\/1301"}],"collection":[{"href":"https:\/\/pracowniafstudio.pl\/index.php?rest_route=\/wp\/v2\/pages"}],"about":[{"href":"https:\/\/pracowniafstudio.pl\/index.php?rest_route=\/wp\/v2\/types\/page"}],"author":[{"embeddable":true,"href":"https:\/\/pracowniafstudio.pl\/index.php?rest_route=\/wp\/v2\/users\/1"}],"replies":[{"embeddable":true,"href":"https:\/\/pracowniafstudio.pl\/index.php?rest_route=%2Fwp%2Fv2%2Fcomments&post=1301"}],"version-history":[{"count":32,"href":"https:\/\/pracowniafstudio.pl\/index.php?rest_route=\/wp\/v2\/pages\/1301\/revisions"}],"predecessor-version":[{"id":4800,"href":"https:\/\/pracowniafstudio.pl\/index.php?rest_route=\/wp\/v2\/pages\/1301\/revisions\/4800"}],"wp:attachment":[{"href":"https:\/\/pracowniafstudio.pl\/index.php?rest_route=%2Fwp%2Fv2%2Fmedia&parent=1301"}],"curies":[{"name":"wp","href":"https:\/\/api.w.org\/{rel}","templated":true}]}}