{"id":1293,"date":"2016-08-03T09:44:22","date_gmt":"2016-08-03T09:44:22","guid":{"rendered":"http:\/\/impreza7.us-themes.com\/?page_id=1293"},"modified":"2022-07-05T09:31:53","modified_gmt":"2022-07-05T09:31:53","slug":"about","status":"publish","type":"page","link":"https:\/\/pracowniafstudio.pl\/?page_id=1293","title":{"rendered":"O nas"},"content":{"rendered":"<section class=\"l-section wpb_row height_auto\"><div class=\"l-section-h i-cf\"><div class=\"g-cols via_flex valign_top type_default\"><div class=\"vc_col-sm-6 wpb_column vc_column_container us_animate_afb\" style=\"animation-delay:0.5s\"><div class=\"vc_column-inner\"><div class=\"wpb_wrapper\"><div class=\"w-separator size_large\"><\/div><div class=\"wpb_text_column\"><div class=\"wpb_wrapper\"><h1>Paulina G\u00f3\u017ad\u017a<br \/>\nAgata Pawletko<\/h1>\n<p>tworzymy zesp\u00f3\u0142 Pracowni Projektowej F-STUDIO. Jeste\u015bmy projektantkami wn\u0119trz.<\/p>\n<\/div><\/div><div class=\"w-separator size_large\"><\/div><\/div><\/div><\/div><div class=\"vc_col-sm-6 wpb_column vc_column_container  has_bg_color\"><div class=\"vc_column-inner us_custom_07be4e10 us_animate_this\"><div class=\"wpb_wrapper\"><div class=\"w-image align_none\"><div class=\"w-image-h\"><img width=\"1024\" height=\"683\" src=\"https:\/\/pracowniafstudio.pl\/wp-content\/uploads\/2021\/08\/nasze-1024x683.jpg\" class=\"attachment-large size-large\" alt=\"\" loading=\"lazy\" srcset=\"https:\/\/pracowniafstudio.pl\/wp-content\/uploads\/2021\/08\/nasze-1024x683.jpg 1024w, https:\/\/pracowniafstudio.pl\/wp-content\/uploads\/2021\/08\/nasze-300x200.jpg 300w, https:\/\/pracowniafstudio.pl\/wp-content\/uploads\/2021\/08\/nasze.jpg 2048w\" sizes=\"(max-width: 1024px) 100vw, 1024px\" \/><\/div><\/div><\/div><\/div><\/div><\/div><\/div><\/section><section class=\"l-section wpb_row height_medium color_alternate\"><div class=\"l-section-h i-cf\"><div class=\"g-cols via_flex valign_top type_default\"><div class=\"vc_col-sm-12 wpb_column vc_column_container has_bg_color us_animate_fade\" style=\"animation-delay:0.5s\"><div class=\"vc_column-inner us_custom_0d15be52\"><div class=\"wpb_wrapper\"><div class=\"wpb_text_column\"><div class=\"wpb_wrapper\"><p><span class=\"tojvnm2t a6sixzi8 abs2jz4q a8s20v7p t1p8iaqh k5wvi7nf q3lfd5jv pk4s997a bipmatt0 cebpdrjk qowsmv63 owwhemhu dp1hu0rb dhp61c6y iyyx5f41\">Pracownia Projektowa F-STUDIO powsta\u0142a z po\u0142\u0105czenia dw\u00f3ch r\u00f3\u017cnych osobowo\u015bci, natomiast ze wsp\u00f3lnej pasji do pi\u0119knych wn\u0119trz. Nasz duet rozpocz\u0105\u0142 wsp\u00f3ln\u0105 drog\u0119 w 2020 roku, cho\u0107 obie od 2015 roku dzia\u0142a\u0142y\u015bmy niezale\u017cnie, tworz\u0105c i projektuj\u0105c wn\u0119trza zar\u00f3wno mieszkalne, jak i komercyjne. Czy mamy ulubiony styl w projektowaniu? Z pewno\u015bci\u0105 najbli\u017cej jest nam do minimalizmu, prostych i nowoczesnych form, jednak nie jest to regu\u0142\u0105 i podejmujemy si\u0119 projektowania r\u00f3wnie\u017c w innych stylach. Bardzo lubimy prac\u0119 z lud\u017ami, dlatego ka\u017cdy nowy projekt, to nie tylko ekscytacja nad tworzeniem, ale cz\u0119sto nowe, pi\u0119kne znajomo\u015bci, kt\u00f3re z nami pozostaj\u0105. Z nies\u0142abn\u0105cym zaciekawieniem \u015bledzimy to, co dzieje si\u0119 na rynku wn\u0119trzarskim, bior\u0105c udzia\u0142 w targach, szkoleniach, a tak\u017ce poprzez podr\u00f3\u017ce \u2013 bo to kolejna z naszych wsp\u00f3lnych, wielkich pasji.<\/span><\/p>\n<\/div><\/div><div class=\"w-separator size_medium\"><\/div><div class=\"w-btn-wrapper align_none\"><a class=\"w-btn us-btn-style_3\" title=\"Portfolio\" href=\"https:\/\/pracowniafstudio.pl\/?page_id=3199\"><span class=\"w-btn-label\">Portfolio<\/span><\/a><\/div><\/div><\/div><\/div><\/div><\/div><\/section>\n","protected":false},"excerpt":{"rendered":"Paulina G\u00f3\u017ad\u017a Agata Pawletko tworzymy zesp\u00f3\u0142 Pracowni Projektowej F-STUDIO. Jeste\u015bmy projektantkami wn\u0119trz. Pracownia Projektowa F-STUDIO powsta\u0142a z po\u0142\u0105czenia dw\u00f3ch r\u00f3\u017cnych osobowo\u015bci, natomiast ze wsp\u00f3lnej pasji do pi\u0119knych wn\u0119trz. Nasz duet rozpocz\u0105\u0142 wsp\u00f3ln\u0105 drog\u0119 w 2020 roku, cho\u0107 obie od 2015 roku dzia\u0142a\u0142y\u015bmy niezale\u017cnie, tworz\u0105c i projektuj\u0105c wn\u0119trza zar\u00f3wno mieszkalne, jak i komercyjne. Czy mamy ulubiony...","protected":false},"author":1,"featured_media":0,"parent":0,"menu_order":0,"comment_status":"closed","ping_status":"closed","template":"","meta":[],"_links":{"self":[{"href":"https:\/\/pracowniafstudio.pl\/index.php?rest_route=\/wp\/v2\/pages\/1293"}],"collection":[{"href":"https:\/\/pracowniafstudio.pl\/index.php?rest_route=\/wp\/v2\/pages"}],"about":[{"href":"https:\/\/pracowniafstudio.pl\/index.php?rest_route=\/wp\/v2\/types\/page"}],"author":[{"embeddable":true,"href":"https:\/\/pracowniafstudio.pl\/index.php?rest_route=\/wp\/v2\/users\/1"}],"replies":[{"embeddable":true,"href":"https:\/\/pracowniafstudio.pl\/index.php?rest_route=%2Fwp%2Fv2%2Fcomments&post=1293"}],"version-history":[{"count":35,"href":"https:\/\/pracowniafstudio.pl\/index.php?rest_route=\/wp\/v2\/pages\/1293\/revisions"}],"predecessor-version":[{"id":4664,"href":"https:\/\/pracowniafstudio.pl\/index.php?rest_route=\/wp\/v2\/pages\/1293\/revisions\/4664"}],"wp:attachment":[{"href":"https:\/\/pracowniafstudio.pl\/index.php?rest_route=%2Fwp%2Fv2%2Fmedia&parent=1293"}],"curies":[{"name":"wp","href":"https:\/\/api.w.org\/{rel}","templated":true}]}}